{"id":12,"date":"2012-08-24T08:25:20","date_gmt":"2012-08-24T06:25:20","guid":{"rendered":"http:\/\/naturheilpraxis-haimendorf.de\/?page_id=12"},"modified":"2026-03-16T20:27:27","modified_gmt":"2026-03-16T19:27:27","slug":"impressum","status":"publish","type":"page","link":"https:\/\/naturheilpraxis-haimendorf.de\/?page_id=12","title":{"rendered":"Impressum"},"content":{"rendered":"<p>Angaben gem\u00e4\u00df \u00a7 5 TMG:<\/p>\n<p>Waltraud Hoffmann<br \/>\nNaturheilpraxis Haimendorf<br \/>\nLustweg 2<br \/>\n90552 R\u00f6thenbach &#8211; Haimendorf<br \/>\nDeutschland<\/p>\n<h3>Kontakt<\/h3>\n<table>\n<tbody>\n<tr>\n<td>Telefon:<\/td>\n<td>+49 (0) 9120 81 99<\/td>\n<\/tr>\n<tr>\n<td>Telefax:<\/td>\n<td>+49 (0) 9120 83 47<\/td>\n<\/tr>\n<tr>\n<td>E-Mail:<\/td>\n<td>info@naturheilpraxis-haimendorf.de<\/td>\n<\/tr>\n<\/tbody>\n<\/table>\n<h3>Berufsbezeichnung und berufsrechtliche Regelungen<\/h3>\n<p>Berufsbezeichnung: Heilpraktikerin<br \/>\nDie Erlaubnis zur Aus\u00fcbung der Heilkunde ohne Bestallung wurde in Deutschland erteilt.<\/p>\n<p>Zust\u00e4ndige Aufsichtsbeh\u00f6rde:<br \/>\nGesundheitsamt N\u00fcrnberger Land<br \/>\nWaldluststra\u00dfe 1<br \/>\n91207 Lauf an der Pegnitz<\/p>\n<p>Berufsrechtliche Regelungen:<br \/>\nHeilpraktikergesetz und Durchf\u00fchrungsverordnung<br \/>\nEinsehbar unter:<br \/>\n<a href=\"https:\/\/www.freieheilpraktiker.com\/\" target=\"_blank\" rel=\"noopener\"><br \/>\nhttps:\/\/www.freieheilpraktiker.com\/<br \/>\n<\/a><\/p>\n<h3>Haftungsausschluss<\/h3>\n<p><strong>Haftung f\u00fcr Inhalte<\/strong><\/p>\n<p>Die Inhalte unserer Seiten wurden mit gr\u00f6\u00dfter Sorgfalt erstellt. F\u00fcr die Richtigkeit,<br \/>\nVollst\u00e4ndigkeit und Aktualit\u00e4t der Inhalte k\u00f6nnen wir jedoch keine Gew\u00e4hr \u00fcbernehmen.<br \/>\nAls Diensteanbieter sind wir gem\u00e4\u00df \u00a7 7 Abs.1 TMG f\u00fcr eigene Inhalte auf diesen Seiten<br \/>\nnach den allgemeinen Gesetzen verantwortlich.<\/p>\n<p>Nach \u00a7\u00a7 8 bis 10 TMG sind wir als Diensteanbieter jedoch nicht verpflichtet,<br \/>\n\u00fcbermittelte oder gespeicherte fremde Informationen zu \u00fcberwachen oder nach<br \/>\nUmst\u00e4nden zu forschen, die auf eine rechtswidrige T\u00e4tigkeit hinweisen.<\/p>\n<p>Verpflichtungen zur Entfernung oder Sperrung der Nutzung von Informationen nach<br \/>\nden allgemeinen Gesetzen bleiben hiervon unber\u00fchrt. Eine diesbez\u00fcgliche Haftung<br \/>\nist jedoch erst ab dem Zeitpunkt der Kenntnis einer konkreten Rechtsverletzung<br \/>\nm\u00f6glich. Bei Bekanntwerden von entsprechenden Rechtsverletzungen werden wir diese<br \/>\nInhalte umgehend entfernen.<\/p>\n<p><strong>Haftung f\u00fcr Links<\/strong><\/p>\n<p>Unser Angebot enth\u00e4lt Links zu externen Webseiten Dritter, auf deren Inhalte<br \/>\nwir keinen Einfluss haben. Deshalb k\u00f6nnen wir f\u00fcr diese fremden Inhalte auch<br \/>\nkeine Gew\u00e4hr \u00fcbernehmen. F\u00fcr die Inhalte der verlinkten Seiten ist stets der<br \/>\njeweilige Anbieter oder Betreiber der Seiten verantwortlich.<\/p>\n<p>Die verlinkten Seiten wurden zum Zeitpunkt der Verlinkung auf m\u00f6gliche<br \/>\nRechtsverst\u00f6\u00dfe \u00fcberpr\u00fcft. Rechtswidrige Inhalte waren zum Zeitpunkt der<br \/>\nVerlinkung nicht erkennbar.<\/p>\n<p>Eine permanente inhaltliche Kontrolle der verlinkten Seiten ist jedoch ohne<br \/>\nkonkrete Anhaltspunkte einer Rechtsverletzung nicht zumutbar. Bei Bekanntwerden<br \/>\nvon Rechtsverletzungen werden wir derartige Links umgehend entfernen.<\/p>\n<p><strong>Urheberrecht<\/strong><\/p>\n<p>Die durch die Seitenbetreiber erstellten Inhalte und Werke auf diesen Seiten<br \/>\nunterliegen dem deutschen Urheberrecht. Die Vervielf\u00e4ltigung, Bearbeitung,<br \/>\nVerbreitung und jede Art der Verwertung au\u00dferhalb der Grenzen des<br \/>\nUrheberrechtes bed\u00fcrfen der schriftlichen Zustimmung des jeweiligen Autors<br \/>\nbzw. Erstellers.<\/p>\n<p>Downloads und Kopien dieser Seite sind nur f\u00fcr den privaten,<br \/>\nnicht kommerziellen Gebrauch gestattet.<\/p>\n<p>Soweit die Inhalte auf dieser Seite nicht vom Betreiber erstellt wurden,<br \/>\nwerden die Urheberrechte Dritter beachtet. Sollten Sie trotzdem auf eine<br \/>\nUrheberrechtsverletzung aufmerksam werden, bitten wir um einen entsprechenden<br \/>\nHinweis. Bei Bekanntwerden von Rechtsverletzungen werden wir derartige Inhalte<br \/>\numgehend entfernen.<\/p>\n","protected":false},"excerpt":{"rendered":"<p>Angaben gem\u00e4\u00df \u00a7 5 TMG: Waltraud Hoffmann Naturheilpraxis Haimendorf Lustweg 2 90552 R\u00f6thenbach &#8211; Haimendorf Deutschland Kontakt Telefon: +49 (0) 9120 81 99 Telefax: +49 (0) 9120 83 47 E-Mail: info@naturheilpraxis-haimendorf.de Berufsbezeichnung und berufsrechtliche Regelungen Berufsbezeichnung: Heilpraktikerin Die Erlaubnis zur Aus\u00fcbung der Heilkunde ohne Bestallung wurde in Deutschland erteilt. Zust\u00e4ndige Aufsichtsbeh\u00f6rde: Gesundheitsamt N\u00fcrnberger Land Waldluststra\u00dfe [&hellip;]<\/p>\n","protected":false},"author":3,"featured_media":0,"parent":0,"menu_order":0,"comment_status":"closed","ping_status":"closed","template":"","meta":{"footnotes":""},"class_list":["post-12","page","type-page","status-publish","hentry"],"_links":{"self":[{"href":"https:\/\/naturheilpraxis-haimendorf.de\/index.php?rest_route=\/wp\/v2\/pages\/12","targetHints":{"allow":["GET"]}}],"collection":[{"href":"https:\/\/naturheilpraxis-haimendorf.de\/index.php?rest_route=\/wp\/v2\/pages"}],"about":[{"href":"https:\/\/naturheilpraxis-haimendorf.de\/index.php?rest_route=\/wp\/v2\/types\/page"}],"author":[{"embeddable":true,"href":"https:\/\/naturheilpraxis-haimendorf.de\/index.php?rest_route=\/wp\/v2\/users\/3"}],"replies":[{"embeddable":true,"href":"https:\/\/naturheilpraxis-haimendorf.de\/index.php?rest_route=%2Fwp%2Fv2%2Fcomments&post=12"}],"version-history":[{"count":6,"href":"https:\/\/naturheilpraxis-haimendorf.de\/index.php?rest_route=\/wp\/v2\/pages\/12\/revisions"}],"predecessor-version":[{"id":172,"href":"https:\/\/naturheilpraxis-haimendorf.de\/index.php?rest_route=\/wp\/v2\/pages\/12\/revisions\/172"}],"wp:attachment":[{"href":"https:\/\/naturheilpraxis-haimendorf.de\/index.php?rest_route=%2Fwp%2Fv2%2Fmedia&parent=12"}],"curies":[{"name":"wp","href":"https:\/\/api.w.org\/{rel}","templated":true}]}}