{"id":160,"date":"2018-05-29T12:22:05","date_gmt":"2018-05-29T10:22:05","guid":{"rendered":"http:\/\/naturheilpraxis-haimendorf.de\/?page_id=160"},"modified":"2026-03-16T20:24:22","modified_gmt":"2026-03-16T19:24:22","slug":"datenschutzerklaerung","status":"publish","type":"page","link":"https:\/\/naturheilpraxis-haimendorf.de\/?page_id=160","title":{"rendered":"Datenschutzerkl\u00e4rung"},"content":{"rendered":"<p>Die nachfolgende Datenschutzerkl\u00e4rung gilt f\u00fcr die Nutzung unseres Online-Angebots <a href=\"https:\/\/www.naturheilpraxis-haimendorf.de\">https:\/\/www.naturheilpraxis-haimendorf.de<\/a> (nachfolgend \u201eWebsite\u201c). Wir messen dem Datenschutz gro\u00dfe Bedeutung bei. Die Erhebung und Verarbeitung Ihrer personenbezogenen Daten erfolgt unter Beachtung der geltenden datenschutzrechtlichen Vorschriften, insbesondere der Datenschutz-Grundverordnung (DSGVO).<\/p>\n<h3 id=\"Verantwortlicher\">Verantwortlicher<\/h3>\n<p>Verantwortlicher f\u00fcr die Erhebung, Verarbeitung und Nutzung Ihrer personenbezogenen Daten im Sinne von Art. 4 Nr. 7 DSGVO ist <strong>Waltraud Hoffmann, Naturheilpraxis Haimendorf, Lustweg 2, 90552 R\u00f6thenbach \u2013 Haimendorf<\/strong>.<\/p>\n<p>Sofern Sie der Erhebung, Verarbeitung oder Nutzung Ihrer Daten durch uns nach Ma\u00dfgabe dieser Datenschutzerkl\u00e4rung insgesamt oder f\u00fcr einzelne Ma\u00dfnahmen widersprechen m\u00f6chten, k\u00f6nnen Sie Ihren Widerspruch an den Verantwortlichen richten. Sie k\u00f6nnen diese Datenschutzerkl\u00e4rung jederzeit speichern und ausdrucken.<\/p>\n<h3>Allgemeine Zwecke der Verarbeitung<\/h3>\n<p>Wir verwenden personenbezogene Daten zum Zweck des Betriebs und der Bereitstellung unserer Website.<\/p>\n<h3>Welche Daten wir verwenden und warum<\/h3>\n<h4>Hosting<\/h4>\n<p>Die von uns in Anspruch genommenen Hosting-Leistungen dienen der Zurverf\u00fcgungstellung der folgenden Leistungen: Infrastruktur- und Plattformdienstleistungen, Rechenkapazit\u00e4t, Speicherplatz und Datenbankdienste, Sicherheitsleistungen sowie technische Wartungsleistungen, die wir zum Zweck des Betriebs der Website einsetzen.<\/p>\n<p>Hierbei verarbeiten wir bzw. unser Hostinganbieter Bestandsdaten, Kontaktdaten, Inhaltsdaten, Vertragsdaten, Nutzungsdaten, Meta- und Kommunikationsdaten von Kunden, Interessenten und Besuchern dieser Website auf Grundlage unserer berechtigten Interessen an einer effizienten und sicheren Bereitstellung unserer Website gem. Art. 6 Abs. 1 lit. f DSGVO i. V. m. Art. 28 DSGVO.<\/p>\n<h4>Zugriffsdaten (Server-Logfiles)<\/h4>\n<p>Beim Besuch unserer Website werden automatisch Informationen allgemeiner Natur erfasst. Diese Informationen (Server-Logfiles) beinhalten beispielsweise:<\/p>\n<ul>\n<li>Name und URL der abgerufenen Datei<\/li>\n<li>Datum und Uhrzeit des Abrufs<\/li>\n<li>\u00fcbertragene Datenmenge<\/li>\n<li>Meldung \u00fcber erfolgreichen Abruf (HTTP-Statuscode)<\/li>\n<li>Browsertyp und Browserversion<\/li>\n<li>Betriebssystem<\/li>\n<li>Referrer-URL (die zuvor besuchte Seite)<\/li>\n<li>Websites, die vom System des Nutzers \u00fcber unsere Website aufgerufen werden<\/li>\n<li>Internet-Service-Provider des Nutzers<\/li>\n<li>IP-Adresse<\/li>\n<\/ul>\n<p>Diese Daten sind nicht bestimmten Personen zuordenbar. Eine Zusammenf\u00fchrung dieser Daten mit anderen Datenquellen wird nicht vorgenommen. Die Verarbeitung erfolgt auf Grundlage von Art. 6 Abs. 1 lit. f DSGVO aus unserem berechtigten Interesse an der technischen Stabilit\u00e4t und Sicherheit unserer Website.<\/p>\n<h4>Cookies<\/h4>\n<p>Unsere Website verwendet Cookies. Cookies sind kleine Textdateien, die auf Ihrem Endger\u00e4t gespeichert werden und bestimmte Informationen enthalten.<\/p>\n<p>Cookies dienen dazu, unser Angebot nutzerfreundlicher, effektiver und sicherer zu machen. Die meisten der von uns verwendeten Cookies sind sogenannte \u201eSession-Cookies\u201c. Sie werden nach Ende Ihres Besuchs automatisch gel\u00f6scht.<\/p>\n<p>Sie k\u00f6nnen die Speicherung von Cookies durch eine entsprechende Einstellung Ihrer Browser-Software verhindern. Bitte beachten Sie jedoch, dass in diesem Fall gegebenenfalls nicht alle Funktionen unserer Website vollumf\u00e4nglich genutzt werden k\u00f6nnen.<\/p>\n<h4>E-Mail Kontakt<\/h4>\n<p>Wenn Sie mit uns in Kontakt treten (z. B. per E-Mail), verarbeiten wir Ihre Angaben zur Bearbeitung der Anfrage sowie f\u00fcr den Fall, dass Anschlussfragen entstehen.<\/p>\n<p>Erfolgt die Datenverarbeitung zur Durchf\u00fchrung vorvertraglicher Ma\u00dfnahmen, die auf Ihre Anfrage hin erfolgen, oder wenn Sie bereits unser Kunde sind, zur Durchf\u00fchrung eines Vertrages, erfolgt die Verarbeitung auf Grundlage von Art. 6 Abs. 1 lit. b DSGVO.<\/p>\n<p>Weitere personenbezogene Daten verarbeiten wir nur, wenn Sie eingewilligt haben (Art. 6 Abs. 1 lit. a DSGVO) oder wir ein berechtigtes Interesse an der Verarbeitung Ihrer Daten haben (Art. 6 Abs. 1 lit. f DSGVO). Ein berechtigtes Interesse liegt beispielsweise darin, auf Ihre Anfrage zu antworten.<\/p>\n<h3>Jameda-Plug-In<\/h3>\n<p>Auf unserer Internetseite wird ein Plugin des Arztbewertungsportals Jameda GmbH, St.-Cajetan-Str. 41, 81669 M\u00fcnchen, verwendet. Das Plugin ist mit einem Jameda-Logo gekennzeichnet.<\/p>\n<p>Wenn Sie dieses Plugin anklicken, wird eine direkte Verbindung zwischen Ihrem Browser und den Servern von Jameda hergestellt. Jameda erh\u00e4lt dadurch die Information, dass Sie mit Ihrer IP-Adresse unsere Website besucht haben.<\/p>\n<p>Weitere Informationen zum Umgang mit Nutzerdaten finden Sie in der Datenschutzerkl\u00e4rung von Jameda unter: <a href=\"https:\/\/www.jameda.de\/jameda\/datenschutz.php\">https:\/\/www.jameda.de\/jameda\/datenschutz.php<\/a><\/p>\n<h3>Speicherdauer<\/h3>\n<p>Sofern nicht anders angegeben, speichern wir personenbezogene Daten nur so lange, wie dies zur Erf\u00fcllung der jeweiligen Zwecke erforderlich ist.<\/p>\n<p>In einigen F\u00e4llen sieht der Gesetzgeber die Aufbewahrung von personenbezogenen Daten vor, beispielsweise im Steuer- oder Handelsrecht. In diesen F\u00e4llen werden die Daten ausschlie\u00dflich f\u00fcr diese gesetzlichen Zwecke weiter gespeichert und nach Ablauf der gesetzlichen Aufbewahrungsfristen gel\u00f6scht.<\/p>\n<h3>Ihre Rechte als betroffene Person<\/h3>\n<p>Sie haben das Recht auf Auskunft \u00fcber die bei uns gespeicherten personenbezogenen Daten. Dar\u00fcber hinaus haben Sie das Recht auf Berichtigung, L\u00f6schung oder Einschr\u00e4nkung der Verarbeitung Ihrer Daten sowie ein Recht auf Daten\u00fcbertragbarkeit.<\/p>\n<p>Au\u00dferdem haben Sie das Recht, sich bei einer Datenschutz-Aufsichtsbeh\u00f6rde \u00fcber die Verarbeitung Ihrer personenbezogenen Daten durch uns zu beschweren.<\/p>\n<p>M\u00f6chten Sie eines dieser Rechte geltend machen, wenden Sie sich bitte per E-Mail oder per Post unter eindeutiger Identifizierung Ihrer Person an die <a href=\"#Verantwortlicher\">hier<\/a> genannte Adresse.<\/p>\n","protected":false},"excerpt":{"rendered":"<p>Die nachfolgende Datenschutzerkl\u00e4rung gilt f\u00fcr die Nutzung unseres Online-Angebots https:\/\/www.naturheilpraxis-haimendorf.de (nachfolgend \u201eWebsite\u201c). Wir messen dem Datenschutz gro\u00dfe Bedeutung bei. Die Erhebung und Verarbeitung Ihrer personenbezogenen Daten erfolgt unter Beachtung der geltenden datenschutzrechtlichen Vorschriften, insbesondere der Datenschutz-Grundverordnung (DSGVO). Verantwortlicher Verantwortlicher f\u00fcr die Erhebung, Verarbeitung und Nutzung Ihrer personenbezogenen Daten im Sinne von Art. 4 Nr. 7 [&hellip;]<\/p>\n","protected":false},"author":3,"featured_media":0,"parent":0,"menu_order":0,"comment_status":"closed","ping_status":"closed","template":"","meta":{"footnotes":""},"class_list":["post-160","page","type-page","status-publish","hentry"],"_links":{"self":[{"href":"https:\/\/naturheilpraxis-haimendorf.de\/index.php?rest_route=\/wp\/v2\/pages\/160","targetHints":{"allow":["GET"]}}],"collection":[{"href":"https:\/\/naturheilpraxis-haimendorf.de\/index.php?rest_route=\/wp\/v2\/pages"}],"about":[{"href":"https:\/\/naturheilpraxis-haimendorf.de\/index.php?rest_route=\/wp\/v2\/types\/page"}],"author":[{"embeddable":true,"href":"https:\/\/naturheilpraxis-haimendorf.de\/index.php?rest_route=\/wp\/v2\/users\/3"}],"replies":[{"embeddable":true,"href":"https:\/\/naturheilpraxis-haimendorf.de\/index.php?rest_route=%2Fwp%2Fv2%2Fcomments&post=160"}],"version-history":[{"count":5,"href":"https:\/\/naturheilpraxis-haimendorf.de\/index.php?rest_route=\/wp\/v2\/pages\/160\/revisions"}],"predecessor-version":[{"id":170,"href":"https:\/\/naturheilpraxis-haimendorf.de\/index.php?rest_route=\/wp\/v2\/pages\/160\/revisions\/170"}],"wp:attachment":[{"href":"https:\/\/naturheilpraxis-haimendorf.de\/index.php?rest_route=%2Fwp%2Fv2%2Fmedia&parent=160"}],"curies":[{"name":"wp","href":"https:\/\/api.w.org\/{rel}","templated":true}]}}