{"id":21,"date":"2012-08-24T08:32:19","date_gmt":"2012-08-24T06:32:19","guid":{"rendered":"http:\/\/naturheilpraxis-haimendorf.de\/?page_id=21"},"modified":"2026-03-16T20:41:49","modified_gmt":"2026-03-16T19:41:49","slug":"team","status":"publish","type":"page","link":"https:\/\/naturheilpraxis-haimendorf.de\/?page_id=21","title":{"rendered":"Team"},"content":{"rendered":"\n<h3 class=\"wp-block-heading\">Unser Team<\/h3>\n\n\n\n<p>Die Naturheilpraxis Haimendorf wurde \u00fcber viele Jahre gemeinschaftlich von Waltraud A. Hoffmann und Klaus P.H. Bombien gef\u00fchrt.<\/p>\n\n\n\n<p>Nach dem Tod von Klaus Bombien am 1. M\u00e4rz 2026 wird die Praxis von Waltraud Hoffmann weitergef\u00fchrt.<\/p>\n\n\n\n<p>Wir erinnern uns dankbar an sein langj\u00e4hriges Wirken als Heilpraktiker, Physiotherapeut und Therapeut in unserer Praxis.<\/p>\n\n\n\n<p>Mehr \u00fcber sein Leben und seine T\u00e4tigkeit finden Sie auf unserer <a href=\"\/?page_id=38\">Gedenkseite f\u00fcr Klaus P.H. Bombien<\/a>.<\/p>\n\n\n\n<p><\/p>\n","protected":false},"excerpt":{"rendered":"<p>Unser Team Die Naturheilpraxis Haimendorf wurde \u00fcber viele Jahre gemeinschaftlich von Waltraud A. Hoffmann und Klaus P.H. Bombien gef\u00fchrt. Nach dem Tod von Klaus Bombien am 1. M\u00e4rz 2026 wird die Praxis von Waltraud Hoffmann weitergef\u00fchrt. Wir erinnern uns dankbar an sein langj\u00e4hriges Wirken als Heilpraktiker, Physiotherapeut und Therapeut in unserer Praxis. Mehr \u00fcber sein [&hellip;]<\/p>\n","protected":false},"author":3,"featured_media":0,"parent":0,"menu_order":0,"comment_status":"closed","ping_status":"closed","template":"","meta":{"footnotes":""},"class_list":["post-21","page","type-page","status-publish","hentry"],"_links":{"self":[{"href":"https:\/\/naturheilpraxis-haimendorf.de\/index.php?rest_route=\/wp\/v2\/pages\/21","targetHints":{"allow":["GET"]}}],"collection":[{"href":"https:\/\/naturheilpraxis-haimendorf.de\/index.php?rest_route=\/wp\/v2\/pages"}],"about":[{"href":"https:\/\/naturheilpraxis-haimendorf.de\/index.php?rest_route=\/wp\/v2\/types\/page"}],"author":[{"embeddable":true,"href":"https:\/\/naturheilpraxis-haimendorf.de\/index.php?rest_route=\/wp\/v2\/users\/3"}],"replies":[{"embeddable":true,"href":"https:\/\/naturheilpraxis-haimendorf.de\/index.php?rest_route=%2Fwp%2Fv2%2Fcomments&post=21"}],"version-history":[{"count":6,"href":"https:\/\/naturheilpraxis-haimendorf.de\/index.php?rest_route=\/wp\/v2\/pages\/21\/revisions"}],"predecessor-version":[{"id":179,"href":"https:\/\/naturheilpraxis-haimendorf.de\/index.php?rest_route=\/wp\/v2\/pages\/21\/revisions\/179"}],"wp:attachment":[{"href":"https:\/\/naturheilpraxis-haimendorf.de\/index.php?rest_route=%2Fwp%2Fv2%2Fmedia&parent=21"}],"curies":[{"name":"wp","href":"https:\/\/api.w.org\/{rel}","templated":true}]}}