{"id":27,"date":"2012-08-24T08:34:10","date_gmt":"2012-08-24T06:34:10","guid":{"rendered":"http:\/\/naturheilpraxis-haimendorf.de\/?page_id=27"},"modified":"2026-03-16T20:45:52","modified_gmt":"2026-03-16T19:45:52","slug":"abrechnung","status":"publish","type":"page","link":"https:\/\/naturheilpraxis-haimendorf.de\/?page_id=27","title":{"rendered":"Abrechnung"},"content":{"rendered":"<p>Naturheilkundliche Leistungen werden auf Grundlage des Geb\u00fchrenverzeichnisses<br \/>\nf\u00fcr Heilpraktiker (<strong>Geb\u00fcH<\/strong>) berechnet. Physiotherapeutische<br \/>\nBehandlungen werden nach einer entsprechenden privaten Honorarvereinbarung<br \/>\nabgerechnet.<\/p>\n<p>Private Krankenversicherungen sowie Zusatzversicherungen f\u00fcr Heilpraktikerleistungen<br \/>\nerstatten die Kosten je nach individuellem Tarif ganz oder teilweise.<br \/>\nBitte informieren Sie sich hierzu bei Ihrer Versicherung.<\/p>\n<p>Da wir eine Terminpraxis betreiben, bitten wir Sie, vereinbarte Termine<br \/>\neinzuhalten oder mindestens <strong>24 Stunden vorher<\/strong> abzusagen.<br \/>\nBei nicht wahrgenommenen oder nicht rechtzeitig abgesagten Terminen<br \/>\nbehalten wir uns vor, ein Ausfallhonorar zu berechnen.<br \/>\nWir danken f\u00fcr Ihr Verst\u00e4ndnis.<\/p>\n<div id=\"attachment_134\" style=\"width: 120px\" class=\"wp-caption alignright\"><img loading=\"lazy\" decoding=\"async\" aria-describedby=\"caption-attachment-134\" class=\"size-full wp-image-134\" alt=\"VFO Logo\" src=\"https:\/\/naturheilpraxis-haimendorf.de\/wp-content\/uploads\/2012\/08\/VFO_logo.png\" width=\"110\" height=\"110\" \/><p id=\"caption-attachment-134\" class=\"wp-caption-text\"><br \/>\n<\/a><br \/>\nVerband Freier Osteopathen e.V.<br \/><\/p><\/div>\n<p>Osteopathische Behandlungen werden inzwischen von vielen gesetzlichen<br \/>\nKrankenkassen ganz oder teilweise bezuschusst. Bitte erkundigen Sie sich<br \/>\nbei Ihrer Krankenkasse \u00fcber die jeweils geltenden Voraussetzungen<br \/>\nder Kosten\u00fcbernahme.<\/p>\n","protected":false},"excerpt":{"rendered":"<p>Naturheilkundliche Leistungen werden auf Grundlage des Geb\u00fchrenverzeichnisses f\u00fcr Heilpraktiker (Geb\u00fcH) berechnet. Physiotherapeutische Behandlungen werden nach einer entsprechenden privaten Honorarvereinbarung abgerechnet. Private Krankenversicherungen sowie Zusatzversicherungen f\u00fcr Heilpraktikerleistungen erstatten die Kosten je nach individuellem Tarif ganz oder teilweise. Bitte informieren Sie sich hierzu bei Ihrer Versicherung. Da wir eine Terminpraxis betreiben, bitten wir Sie, vereinbarte Termine einzuhalten [&hellip;]<\/p>\n","protected":false},"author":3,"featured_media":0,"parent":0,"menu_order":0,"comment_status":"closed","ping_status":"closed","template":"","meta":{"footnotes":""},"class_list":["post-27","page","type-page","status-publish","hentry"],"_links":{"self":[{"href":"https:\/\/naturheilpraxis-haimendorf.de\/index.php?rest_route=\/wp\/v2\/pages\/27","targetHints":{"allow":["GET"]}}],"collection":[{"href":"https:\/\/naturheilpraxis-haimendorf.de\/index.php?rest_route=\/wp\/v2\/pages"}],"about":[{"href":"https:\/\/naturheilpraxis-haimendorf.de\/index.php?rest_route=\/wp\/v2\/types\/page"}],"author":[{"embeddable":true,"href":"https:\/\/naturheilpraxis-haimendorf.de\/index.php?rest_route=\/wp\/v2\/users\/3"}],"replies":[{"embeddable":true,"href":"https:\/\/naturheilpraxis-haimendorf.de\/index.php?rest_route=%2Fwp%2Fv2%2Fcomments&post=27"}],"version-history":[{"count":5,"href":"https:\/\/naturheilpraxis-haimendorf.de\/index.php?rest_route=\/wp\/v2\/pages\/27\/revisions"}],"predecessor-version":[{"id":183,"href":"https:\/\/naturheilpraxis-haimendorf.de\/index.php?rest_route=\/wp\/v2\/pages\/27\/revisions\/183"}],"wp:attachment":[{"href":"https:\/\/naturheilpraxis-haimendorf.de\/index.php?rest_route=%2Fwp%2Fv2%2Fmedia&parent=27"}],"curies":[{"name":"wp","href":"https:\/\/api.w.org\/{rel}","templated":true}]}}