{"id":38,"date":"2012-08-24T09:29:22","date_gmt":"2012-08-24T07:29:22","guid":{"rendered":"http:\/\/naturheilpraxis-haimendorf.de\/?page_id=38"},"modified":"2026-03-16T20:31:25","modified_gmt":"2026-03-16T19:31:25","slug":"klaus-p-h-bombien","status":"publish","type":"page","link":"https:\/\/naturheilpraxis-haimendorf.de\/?page_id=38","title":{"rendered":"Klaus P.H. Bombien"},"content":{"rendered":"<h2>In Gedenken an Klaus P.H. Bombien<\/h2>\n<p><em>Heilpraktiker \u2013 Physiotherapeut \u2013 Masseur \u2013 Psychotherapie (HPG)<\/em><\/p>\n<h3>Vita<\/h3>\n<div id=\"attachment_114\" style=\"width: 209px\" class=\"wp-caption alignright\"><img loading=\"lazy\" decoding=\"async\" aria-describedby=\"caption-attachment-114\" class=\"size-medium wp-image-114\" alt=\"Klaus Bombien\" src=\"https:\/\/naturheilpraxis-haimendorf.de\/wp-content\/uploads\/2012\/08\/bombien-199x300.jpg\" width=\"199\" height=\"300\" srcset=\"https:\/\/naturheilpraxis-haimendorf.de\/wp-content\/uploads\/2012\/08\/bombien-199x300.jpg 199w, https:\/\/naturheilpraxis-haimendorf.de\/wp-content\/uploads\/2012\/08\/bombien.jpg 510w\" sizes=\"auto, (max-width: 199px) 100vw, 199px\" \/><p id=\"caption-attachment-114\" class=\"wp-caption-text\"><br \/>\n<\/a><br \/>\nKlaus Bombien<br \/><\/p><\/div>\n<p style=\"padding-left: 30px;\">\nKlaus P.H. Bombien<br \/>\n* 26. Juni 1953<br \/>\n\u2020 1. M\u00e4rz 2026<\/p>\n<p style=\"padding-left: 30px;\">\nKlaus Bombien widmete sein berufliches Leben der Naturheilkunde und der therapeutischen Arbeit mit Menschen.<\/p>\n<p style=\"padding-left: 30px;\">\nNach seiner Ausbildung zum Masseur und medizinischen Bademeister im Jahr 1976 erwarb er 1992 die Erlaubnis zur Aus\u00fcbung der Heilkunde als Heilpraktiker. 1996 folgte die Ausbildung zum Physiotherapeuten. Bereits seit 1980 war er in eigener Praxis in Duisburg-Ruhrort t\u00e4tig.<\/p>\n<p style=\"padding-left: 30px;\">\nSeine Arbeit war gepr\u00e4gt von kontinuierlicher Fortbildung und einem gro\u00dfen Interesse an ganzheitlichen Behandlungsmethoden. Zu seinen therapeutischen Schwerpunkten geh\u00f6rten physiotherapeutische Behandlungsmethoden, chiropraktische und osteopathische Techniken, Neuraltherapie, Craniosacrale Therapie, CMD-Behandlung, Ohrakupunktur sowie Traditionelle Chinesische Medizin (TCM).<\/p>\n<p style=\"padding-left: 30px;\">\nDar\u00fcber hinaus war er Seminarleiter f\u00fcr Autogenes Training.<\/p>\n<h3>Mitgliedschaften<\/h3>\n<ul>\n<li>Verband Freier Osteopathen e.V. (VFO)<\/li>\n<li>Freie Heilpraktiker (FH)<\/li>\n<li>IOKAI-D<\/li>\n<li>Association of Natural Medicine in Europe e.V. (ANME)<\/li>\n<li>Bundesverband Freier Sachverst\u00e4ndiger e.V. (BVFS)<\/li>\n<li>Deutsche Gesellschaft f\u00fcr Energetische und Informationsmedizin e.V. (DGEIM)<\/li>\n<\/ul>\n<h3>Ausbildung \/ Fortbildungen<\/h3>\n<p>Sein beruflicher Weg war gepr\u00e4gt von zahlreichen Weiterbildungen und einem stetigen Interesse an neuen therapeutischen Ans\u00e4tzen der Naturheilkunde und manuellen Medizin.<\/p>\n","protected":false},"excerpt":{"rendered":"<p>In Gedenken an Klaus P.H. Bombien Heilpraktiker \u2013 Physiotherapeut \u2013 Masseur \u2013 Psychotherapie (HPG) Vita Klaus P.H. Bombien * 26. Juni 1953 \u2020 1. M\u00e4rz 2026 Klaus Bombien widmete sein berufliches Leben der Naturheilkunde und der therapeutischen Arbeit mit Menschen. Nach seiner Ausbildung zum Masseur und medizinischen Bademeister im Jahr 1976 erwarb er 1992 die [&hellip;]<\/p>\n","protected":false},"author":3,"featured_media":0,"parent":21,"menu_order":0,"comment_status":"closed","ping_status":"closed","template":"","meta":{"footnotes":""},"class_list":["post-38","page","type-page","status-publish","hentry"],"_links":{"self":[{"href":"https:\/\/naturheilpraxis-haimendorf.de\/index.php?rest_route=\/wp\/v2\/pages\/38","targetHints":{"allow":["GET"]}}],"collection":[{"href":"https:\/\/naturheilpraxis-haimendorf.de\/index.php?rest_route=\/wp\/v2\/pages"}],"about":[{"href":"https:\/\/naturheilpraxis-haimendorf.de\/index.php?rest_route=\/wp\/v2\/types\/page"}],"author":[{"embeddable":true,"href":"https:\/\/naturheilpraxis-haimendorf.de\/index.php?rest_route=\/wp\/v2\/users\/3"}],"replies":[{"embeddable":true,"href":"https:\/\/naturheilpraxis-haimendorf.de\/index.php?rest_route=%2Fwp%2Fv2%2Fcomments&post=38"}],"version-history":[{"count":7,"href":"https:\/\/naturheilpraxis-haimendorf.de\/index.php?rest_route=\/wp\/v2\/pages\/38\/revisions"}],"predecessor-version":[{"id":174,"href":"https:\/\/naturheilpraxis-haimendorf.de\/index.php?rest_route=\/wp\/v2\/pages\/38\/revisions\/174"}],"up":[{"embeddable":true,"href":"https:\/\/naturheilpraxis-haimendorf.de\/index.php?rest_route=\/wp\/v2\/pages\/21"}],"wp:attachment":[{"href":"https:\/\/naturheilpraxis-haimendorf.de\/index.php?rest_route=%2Fwp%2Fv2%2Fmedia&parent=38"}],"curies":[{"name":"wp","href":"https:\/\/api.w.org\/{rel}","templated":true}]}}