{"id":66,"date":"2012-10-16T21:24:57","date_gmt":"2012-10-16T19:24:57","guid":{"rendered":"http:\/\/naturheilpraxis-haimendorf.de\/?page_id=66"},"modified":"2014-10-22T09:51:27","modified_gmt":"2014-10-22T07:51:27","slug":"krankengymnastik","status":"publish","type":"page","link":"https:\/\/naturheilpraxis-haimendorf.de\/?page_id=66","title":{"rendered":"Physiotherapie"},"content":{"rendered":"<h1>Manuelle Therapie<\/h1>\n<p>Zur L\u00f6sung von Gelenkblockaden und Bewegungseinschr\u00e4nkungen an der Wirbels\u00e4ule und den gro\u00dfen Gelenken.<\/p>\n<p><a title=\"http:\/\/de.wikipedia.org\/wiki\/Manuelle_Therapie\" href=\"http:\/\/de.wikipedia.org\/wiki\/Manuelle_Therapie\" target=\"_blank\">(siehe auch)<\/a><\/p>\n<h1>Behandlung bei craniomandibul\u00e4rer Dysfunktion (CMD)<\/h1>\n<p>Der Begriff Craniomandibul\u00e4re Dysfunktion ist ein Sammelbegriff f\u00fcr diverse muskuloskelettale Beschwerden im Craniomandibul\u00e4rsystem (Kausystem) und damit einhergehende Cranio-Vertebrale-Dysfunktionen (CVD), d.h. Beschwerden im Kopf-Wirbels\u00e4ulen-System.Das zeigt, dass Beschwerden, die im Bereich des Kopfes, des Kauapparates auch Folgewirkungen an anderen Gebieten des Knochen- und Muskel-Gelenk-Systems zeigen k\u00f6nnen:<\/p>\n<ul>\n<li>eingeschr\u00e4nkte Kiefer(Mund)\u00f6ffnung<\/li>\n<li>Knacken oder Reiben beim \u00d6ffnen und Schlie\u00dfen<\/li>\n<li>ausstrahlende Schmerzen in Mund, Gesicht, Kopf-Nacken-Schulter und<br \/>\nR\u00fcckenareale, Halswirbels\u00e4ulen-Schulterprobleme, Kopfschmerzen, Ohrger\u00e4usche, Probleme mit der Passung der Z\u00e4hne aufeinander (Bissver\u00e4nderungen)<\/li>\n<\/ul>\n<p>Die Behandlung der CMD ist immer ein Ma\u00dfnahme, die in Kooperation mit dem Zahnarzt oder Kieferorthop\u00e4den erfolgt. Die Diagnose bedarf immer einer sorgf\u00e4ltigen Anamnese, der eingehenden Funktions- und Strukturanalyse des Kausystems, einer Okklusions- und Gelenkpositionsanalyse, Kieferpositionsbestimmung.<\/p>\n<p>Ziel der CMD-Therapie ist es, durch Wiederherstellung des korrekten Bisses die Harmonisierung der betroffenen Muskelgruppen und der Reposition der Gelenke in ihre optimale Lage zu erreichen und m\u00f6glichst schnell und schonend Beschwerdefreiheit zu erreichen.<\/p>\n<p>Zur umfassenden CMD-Behandlung geh\u00f6rt das Einbeziehen der gesamten Statik des K\u00f6rpers, da St\u00f6rungen im Bereich des Bisses \u00fcber Muskelfunktionsketten immer auch Auswirkungen auf die Wirbels\u00e4ule und die K\u00f6rperhaltung haben k\u00f6nnen.<\/p>\n<p>Wichtig f\u00fcr die erfolgreiche Therapie ist ein multidisziplin\u00e4rer Behandlungsansatz, der den gesamten K\u00f6rper ber\u00fccksichtigt und unterschiedliche Fachdisziplinen wie Zahnarzt, Orthop\u00e4de, Neurologe und Physiotherapeut mit einbezieht.<\/p>\n<p><a title=\"http:\/\/de.wikipedia.org\/wiki\/Kraniomandibul%C3%A4re_Dysfunktion\" href=\"http:\/\/de.wikipedia.org\/wiki\/Kraniomandibul%C3%A4re_Dysfunktion\" target=\"_blank\">(siehe auch)<\/a><\/p>\n<h1>mediTape \/ Kinesiotape<\/h1>\n<p>Taping \u2013 sanft gegen den Schmerz<\/p>\n<ul>\n<li>Behandlung bei schmerzenden Gelenken und Bewegungseinschr\u00e4nkungen<\/li>\n<li>ideal f\u00fcr den prophylaktischen Einsatz<\/li>\n<li>Sport \u2013 Physiotherapie<\/li>\n<li>bei akuten und chronischen Schmerzproblematiken<\/li>\n<li>Orthop\u00e4die \/ Neurologie \/ Lymphologie<\/li>\n<li>Faszien \u2013 Behandlungen<\/li>\n<li>Meridian &#8211; Behandlungen<\/li>\n<\/ul>\n<p>Das Taping wurde Anfang der 1970er Jahre in Japan entwickelt. Mit dem speziellen elastischen Tape und einer entsprechenden Anlegetechnik ist es m\u00f6glich, Schmerzen und Bewegungseinschr\u00e4nkungen erfolgreich zu behandeln.<\/p>\n<p>Diese Therapiemethode nutzt die k\u00f6rpereigenen Selbstheilungmechanismen. Durch den Tape-Reiz erzielt man eine Stimulierende Wirkung auf die getapten Haut- und Muskelareale, die Gelenke und umgebende Strukturen (B\u00e4nder\/Kapsel), den Blut-\/Lymphfluss und das Nervensystem.Die verschiedenen Farben, die beim Tapen eingesetzt werden, erzielen unterschiedliche Wirkungen:<\/p>\n<ul>\n<li>rot tonisiert, erh\u00f6ht die Spannung<\/li>\n<li>blau detonisiert, entspannt<\/li>\n<li>gr\u00fcn gleicht aus<\/li>\n<li>gelb f\u00f6rdert die Zirkulation, drainiert, entstaut<\/li>\n<\/ul>\n<p><a title=\"http:\/\/de.wikipedia.org\/wiki\/Tapen\" href=\"http:\/\/de.wikipedia.org\/wiki\/Tapen\" target=\"_blank\">(siehe auch)<\/a><\/p>\n<h1>R\u00fcckenmassagen \/ Teilmassagen \/ Ganzmassagen<\/h1>\n<p>Massage ist eine passive Massnahme. Sie aktiviert und stabilisiert vielf\u00e4ltige K\u00f6rperfunktionen:<\/p>\n<ul>\n<li>durch die Aktivierung oder D\u00e4mpfung vor allem im vegetativen Nervensystem kann die Spannung der Gef\u00e4\u00dfe und damit der Durchblutung, St\u00f6rung im Muskeltonus und damit der K\u00f6rperfehlhaltung entgegenwirken<\/li>\n<li>sie unterst\u00fctzt die Regeneration von \u00dcberlastungen im Alltag und Beruf<\/li>\n<li>sie f\u00f6rdert das allgemeine Wohlbefinden vor allem durch psychische Entlastung<\/li>\n<\/ul>\n<h2>Wirkung von Massagen<\/h2>\n<ul>\n<li>verbesserte Durchblutung der Haut durch die Aktivierung von Rezeptoren in der Haut und\/<br \/>\noder durch st\u00e4rkere in die Tiefe gehende Massagetechniken auch der Muskulatur, der Seh-<br \/>\nnen, der Faszien und inneren Organe<\/li>\n<li>Aktivierung des Blut-Lymphsystems zur besseren Drainage von Gewebefl\u00fcssigkeiten\/staus<\/li>\n<li>durch verbesserte Durchblutung, Freisetzung von z.B. Gewebshormonen und durch Akti &#8211;<br \/>\nvierung \u201eruhender Areale\u201c bewirkt eine Massage eine Erh\u00f6hung des Stoffwechsels, der<br \/>\nFunktion und energetischen Leistungsf\u00e4higkeit der Hauf, der Muskulatur und auch der zu-<br \/>\ngeordneten Organe (Reflexzonen)<\/li>\n<li>durch Hemmung oder Aktivierung der Funktion der Muskel- und Sehnenspindeln wird eine<br \/>\nNormalisierung des Tonus (Spannung) erreicht. Bei erh\u00f6hter Aktivit\u00e4t kommt es zum Abbau<br \/>\nmuskul\u00e4rer Verspannungen, Verh\u00e4rtungen, Verkrampfungen; bei Erm\u00fcdung\/Erschlaffung der<br \/>\nMuskulatur zu Tonusverbesserung. Dadurch wird Beschwerdefreiheit angestrebt und eine<br \/>\nh\u00f6here Leistungsf\u00e4higkeit erreicht.<\/li>\n<\/ul>\n<p>Die dosierte mechanische Reizung von Haut -, Gewebe- und Muskelrezeptoren f\u00fchrt \u00fcber<br \/>\nNervenbahnen<\/p>\n<ul>\n<li>im R\u00fcckenmark zur Aktivierung von Eigenreflexen f\u00fcr den Muskeltonus bzw. die Stabilit\u00e4t<br \/>\nder Skelett-\/ und tiefen Muskulatur<\/li>\n<li>im Gehirn durch eine D\u00e4mpfung der sympathischen Zentren des vegetativen Nerven &#8211;<br \/>\nsystems zur Umschaltung auf Entspannung mit vertiefter Atmung und \u201eSchongang\u201c f\u00fcr<br \/>\ndas Herz- und Kreislaufsystem<\/li>\n<li>in der hormonellen Regulation zu einer Reduzierung der Freisetzung von Stresshormonen<br \/>\n(Adrenalin, Noradrenalin, Cortisol,&#8230;) und der \u00dcberf\u00fchrung der katabolen (abbauenden\/ver-<br \/>\nschlei\u00dfenden) Stoffwechsellage in ene anabole (aufbauende\/regenerierende)<\/li>\n<li>in Zellen der Gehirns zur Freisetzung von Hormonen des Immunsystems und\/oder von<br \/>\nEndorphinen (Gl\u00fcckshormone), die zur Stabilisierung der Abwehrlage beitragen oder<br \/>\nSchmerzlindernde wirkung zeigen<\/li>\n<li>in den Zentren des Gehirns f\u00fcr die psychische Stimmungslage sowohl zu einer positiveren<br \/>\nEinstellung und erh\u00f6hter Motivations- und Konzentrationsf\u00e4higkeit als auch zu innerer Ruhe<br \/>\nund Gelassenheit f\u00fchren k\u00f6nnen.<\/li>\n<\/ul>\n<h2>Osteopathie<\/h2>\n<div id=\"attachment_134\" style=\"width: 120px\" class=\"wp-caption alignright\"><a href=\"http:\/\/www.vfo.de\/\"><img loading=\"lazy\" decoding=\"async\" aria-describedby=\"caption-attachment-134\" class=\"size-full wp-image-134 \" alt=\"VFO Logo\" src=\"https:\/\/naturheilpraxis-haimendorf.de\/wp-content\/uploads\/2012\/08\/VFO_logo.png\" width=\"110\" height=\"110\" \/><\/a><p id=\"caption-attachment-134\" class=\"wp-caption-text\">Verband Freier Osteopathen e.V.<\/p><\/div>\n<p>Die Osteopathie ist eine moderne ganzheitliche Therapie, die schon vor ca. 100 Jahren in Amerika entstand. Sie basiert auf der uneingeschr\u00e4nkten Funktion des Bewegungsapparates. Aus seiner Unzufriedenheit \u00fcber die M\u00f6glichkeiten der klassischen Medizin entwickelte der Arzt Dr. Andrew Taylor Still (1828-1917) eine neue ganzheitliche Therapie, die die Strukturen des menschlichen K\u00f6rpers in allen Bereichen normalisiert, die Zirkulation der K\u00f6rpers\u00e4fte und den Metabolismus wiederherstellt, und damit den K\u00f6rper dazu veranlasst und in die Lage versetzt, seine autoregulativen Kr\u00e4fte (Selbstheilungskr\u00e4fte) voll auszusch\u00f6pfen.<\/p>\n<p>Die osteopathische Behandlung befreit den K\u00f6rper von Verspannungen und Bewegungseinschr\u00e4nkungen im Bereich des Bewegungsapparates, der Gelenke (os = Knochen, pathos = Leiden), im Bereich innerer Organe durch viscerale Osteopathie (manuelle Techniken zur Behandlung innerer Organe) und durch die CranioSacrale Therapie, eine Erweiterung durch W.G. Sutherland (1873-1954) auf den Bereich der Sch\u00e4delknochen und den damit verbundenen Strukturen (Gef\u00e4\u00dfe, Faszien) im inneren des Sch\u00e4dels und der Wirbels\u00e4ule.<\/p>\n<p style=\"padding-left: 30px;\"><strong>Osteopathie wird auch von gesetzlichen Krankenkassen bezahlt bzw. werden Kosten ganz oder teilweise \u00fcbernommen. Bitte erkundigen Sie sich bei Ihrer gesetzlichen Krankenkasse \u00fcber die geltende Regelung der Kosten\u00fcbernahme.<\/strong><\/p>\n","protected":false},"excerpt":{"rendered":"<p>Manuelle Therapie Zur L\u00f6sung von Gelenkblockaden und Bewegungseinschr\u00e4nkungen an der Wirbels\u00e4ule und den gro\u00dfen Gelenken. (siehe auch) Behandlung bei craniomandibul\u00e4rer Dysfunktion (CMD) Der Begriff Craniomandibul\u00e4re Dysfunktion ist ein Sammelbegriff f\u00fcr diverse muskuloskelettale Beschwerden im Craniomandibul\u00e4rsystem (Kausystem) und damit einhergehende Cranio-Vertebrale-Dysfunktionen (CVD), d.h. Beschwerden im Kopf-Wirbels\u00e4ulen-System.Das zeigt, dass Beschwerden, die im Bereich des Kopfes, des Kauapparates [&hellip;]<\/p>\n","protected":false},"author":3,"featured_media":0,"parent":25,"menu_order":0,"comment_status":"closed","ping_status":"closed","template":"","meta":{"footnotes":""},"class_list":["post-66","page","type-page","status-publish","hentry"],"_links":{"self":[{"href":"https:\/\/naturheilpraxis-haimendorf.de\/index.php?rest_route=\/wp\/v2\/pages\/66","targetHints":{"allow":["GET"]}}],"collection":[{"href":"https:\/\/naturheilpraxis-haimendorf.de\/index.php?rest_route=\/wp\/v2\/pages"}],"about":[{"href":"https:\/\/naturheilpraxis-haimendorf.de\/index.php?rest_route=\/wp\/v2\/types\/page"}],"author":[{"embeddable":true,"href":"https:\/\/naturheilpraxis-haimendorf.de\/index.php?rest_route=\/wp\/v2\/users\/3"}],"replies":[{"embeddable":true,"href":"https:\/\/naturheilpraxis-haimendorf.de\/index.php?rest_route=%2Fwp%2Fv2%2Fcomments&post=66"}],"version-history":[{"count":25,"href":"https:\/\/naturheilpraxis-haimendorf.de\/index.php?rest_route=\/wp\/v2\/pages\/66\/revisions"}],"predecessor-version":[{"id":141,"href":"https:\/\/naturheilpraxis-haimendorf.de\/index.php?rest_route=\/wp\/v2\/pages\/66\/revisions\/141"}],"up":[{"embeddable":true,"href":"https:\/\/naturheilpraxis-haimendorf.de\/index.php?rest_route=\/wp\/v2\/pages\/25"}],"wp:attachment":[{"href":"https:\/\/naturheilpraxis-haimendorf.de\/index.php?rest_route=%2Fwp%2Fv2%2Fmedia&parent=66"}],"curies":[{"name":"wp","href":"https:\/\/api.w.org\/{rel}","templated":true}]}}